{"id":6944,"date":"2018-08-24T23:17:00","date_gmt":"2018-08-24T21:17:00","guid":{"rendered":"https:\/\/iranfreedom.org\/en\/?page_id=6944"},"modified":"2021-08-12T21:07:28","modified_gmt":"2021-08-12T19:07:28","slug":"iranian-assemblys-speakers","status":"publish","type":"page","link":"https:\/\/iranfreedom.org\/en\/iranian-assemblys-speakers\/","title":{"rendered":"Iranian Assembly&#8217;s Speakers"},"content":{"rendered":"<!DOCTYPE html PUBLIC \"-\/\/W3C\/\/DTD HTML 4.0 Transitional\/\/EN\" \"http:\/\/www.w3.org\/TR\/REC-html40\/loose.dtd\">\n<!--?xml encoding=\"UTF-8\"--><html><body><p>[vc_row][vc_column][vc_column_text]As the protests and strikes across Iran, entering their ninth month of continuous uprisings, and at a time where the Iranian people are chanting slogans for regime change and freedom,; the Iranian communities in 20 major cities and capitals throughout Europe and North America mark the 30th anniversary of the 1988 Massacre of 30,000 Political Prisoners in Iran with a simultaneous interactive conference, where calling on the international community to support the prosecution of the mullahs in charge for the massacre and the suppression the ongoing Iranian uprising.<\/p>\n<h5>The demands of the conference are as follow,<\/h5>\n<ul>\n<li>Support Iran Protests and aspirations of the Iranian people for regime change &amp; establishment of democracy<\/li>\n<li>Condemn Mullahs\u2019 human rights violations &amp; terrorism<\/li>\n<li>Prosecute the perpetrators of the 1988 Massacre<\/li>\n<li>Adopt a firm policy towards the theocratic regime ruling Iran<\/li>\n<\/ul>\n<p>We unit our voices to echo the message of this event![\/vc_column_text][\/vc_column][\/vc_row][vc_row][vc_column][jnews_element_header compatible_column_notice=\u201d\u201d header_type=\u201dheading_6\u2033 first_title=\u201dFrance \u2013 Paris\u201d][vc_row_inner][vc_column_inner width=\u201d1\/2\u2033][vc_single_image image=\u201d6778\u2033][vc_single_image image=\u201d7014\u2033][\/vc_column_inner][vc_column_inner width=\u201d1\/2\u2033][vc_column_text]<strong>Association r\u00e9fugi\u00e9s Politique<\/strong><\/p>\n<p><strong>Ms. Azadeh Alamian, spokeswoman for Association r\u00e9fugi\u00e9s Politique- France<\/strong><\/p>\n<p><strong>Age: 37<\/strong><\/p>\n<p><strong>Education\/ occupation: Law student<\/strong>[\/vc_column_text][\/vc_column_inner][\/vc_row_inner][\/vc_column][\/vc_row][vc_row][vc_column][jnews_element_header compatible_column_notice=\u201d\u201d header_type=\u201dheading_6\u2033 first_title=\u201dCanada-Ottawa\u201d][vc_row_inner][vc_column_inner width=\u201d1\/2\u2033][vc_single_image image=\u201d7015\u2033][vc_single_image image=\u201d7008\u2033][\/vc_column_inner][vc_column_inner width=\u201d1\/2\u2033][vc_column_text]<strong>Iran Democratic Association<\/strong><\/p>\n<p><strong>Ms. Vahideh Khoram-roodi, spokeswoman for Iran Democratic Association- Canada<\/strong>[\/bs-text][\/vc_column_text][\/vc_column_inner][\/vc_row_inner][\/vc_column][\/vc_row][vc_row][vc_column][jnews_element_header compatible_column_notice=\u201d\u201d header_type=\u201dheading_6\u2033 first_title=\u201dCanada-Toronto\u201d][vc_row_inner][vc_column_inner width=\u201d1\/2\u2033][vc_single_image image=\u201d6893\u2033][vc_single_image image=\u201d6945\u2033][vc_empty_space height=\u201d20px\u201d][vc_single_image image=\u201d6968\u2033][\/vc_column_inner][vc_column_inner width=\u201d1\/2\u2033][vc_column_text]<strong>International coalition of Women against Fundamentalism<\/strong><\/p>\n<p><strong>Ms. Shahnaz Gharacheh, spokeswoman for International coalition of Women against Fundamentalism- Canada<\/strong><\/p>\n<p><strong>Education\/ occupation:\u00a0 Master of Science<\/strong><\/p>\n<p><strong>Massacre witness, Mr. Ahmad Hassani, from Internastional coalition of Women aginst Fundamentalisim- Canada<\/strong>[\/vc_column_text][\/vc_column_inner][\/vc_row_inner][\/vc_column][\/vc_row][vc_row][vc_column][jnews_element_header compatible_column_notice=\u201d\u201d header_type=\u201dheading_6\u2033 first_title=\u201dGermany-Berlin\u201d][vc_row_inner][vc_column_inner width=\u201d1\/2\u2033][vc_single_image image=\u201d6839\u2033][vc_single_image image=\u201d6951\u2033][\/vc_column_inner][vc_column_inner width=\u201d1\/2\u2033][vc_column_text]<strong>Verband\u00a0Exil-Iranischer\u00a0Gesellschaften in\u00a0Deutschland (EIGD)- Germany<\/strong>[<\/p>\n<p><strong>Mr. Hamid Moaser, spokesman for Verband\u00a0Exil-Iranischer\u00a0Gesellschaften in\u00a0Deutschland (EIGD)- Germany<\/strong><\/p>\n<p><strong>Age: 65<\/strong><\/p>\n<p><strong>Education\/ occupation: Master of Environmental Engineering<\/strong>[\/bs-text][\/vc_column_text][\/vc_column_inner][\/vc_row_inner][vc_separator][vc_row_inner][vc_column_inner width=\u201d1\/2\u2033][vc_single_image image=\u201d6953\u2033][\/vc_column_inner][vc_column_inner width=\u201d1\/2\u2033][vc_column_text]<strong>Massacre witness, Ms. Farideh Goodarzi, from Youth Movement in Support of the Uprising in Iran- Germany<\/strong>[\/vc_column_text][\/vc_column_inner][\/vc_row_inner][\/vc_column][\/vc_row][vc_row][vc_column][jnews_element_header compatible_column_notice=\u201d\u201d header_type=\u201dheading_6\u2033 first_title=\u201dGermany-Stuttgart\u201d][vc_row_inner][vc_column_inner width=\u201d1\/2\u2033][vc_single_image image=\u201d6955\u2033][\/vc_column_inner][vc_column_inner width=\u201d1\/2\u2033][vc_column_text]<strong>Mr. Hossein Yaqoobi, spokesman for Iranische Akademiker in Stuttgart- Germany<\/strong><\/p>\n<p><strong>Age: 55<\/strong><\/p>\n<p><strong>Education\/ occupation: Engineer<\/strong>[\/vc_column_text][\/vc_column_inner][\/vc_row_inner][\/vc_column][\/vc_row][vc_row][vc_column][jnews_element_header compatible_column_notice=\u201d\u201d header_type=\u201dheading_6\u2033 first_title=\u201dEngland-London\u201d][vc_row_inner][vc_column_inner width=\u201d1\/2\u2033][vc_single_image image=\u201d6963\u2033][vc_single_image image=\u201d6959\u2033][vc_single_image image=\u201d6960\u2033][vc_single_image image=\u201d6961\u2033][\/vc_column_inner][vc_column_inner width=\u201d1\/2\u2033][vc_column_text]<strong>Association of families of victims of massacre<\/strong><\/p>\n<p><strong>Ms. \u00a0Naghmeh Rajabi, spokeswoman for Association of families of victims of massacre- England<\/strong><\/p>\n<p><strong>Age: 31<\/strong><\/p>\n<p><strong>Education\/ occupation: Bachelor of Science<\/strong><\/p>\n<p><strong>Mr. Omid Ibrahimi, from Association of families of victims of massacre- England<\/strong><\/p>\n<p><strong>Massacre witness, Ms. Farzaneh Majidi, from Association of families of victims of massacre- England<\/strong>[\/vc_column_text][\/vc_column_inner][\/vc_row_inner][\/vc_column][\/vc_row][vc_row][vc_column][jnews_element_header compatible_column_notice=\u201d\u201d header_type=\u201dheading_6\u2033 first_title=\u201dNetherland-Amsterdam\u201d][vc_row_inner][vc_column_inner width=\u201d1\/2\u2033][vc_single_image image=\u201d6982\u2033][\/vc_column_inner][vc_column_inner width=\u201d1\/2\u2033][vc_column_text]<strong>Ms. Raha Heshmatikhah, spokeswomen for Vereniging van Iraanse Vluchtelingen in Nederland (VIVN)<\/strong><\/p>\n<p><strong>Age: 21<\/strong><\/p>\n<p><strong>Education\/ occupation: University Student\/ Psychology\u00a0<\/strong>[\/bs-text][\/vc_column_text][\/vc_column_inner][\/vc_row_inner][\/vc_column][\/vc_row][vc_row][vc_column][jnews_element_header compatible_column_notice=\u201d\u201d header_type=\u201dheading_6\u2033 first_title=\u201dSweden-Stockholm\u201d][vc_row_inner][vc_column_inner width=\u201d1\/2\u2033][vc_single_image image=\u201d6983\u2033][\/vc_column_inner][vc_column_inner width=\u201d1\/2\u2033][vc_column_text]<strong>Mr. Akbar Parizani, spokesman for Demokrati och M\u00e4nskliga R\u00e4ttigheters F\u00f6rbund- Sweden<\/strong>[\/vc_column_text][\/vc_column_inner][\/vc_row_inner][\/vc_column][\/vc_row][vc_row][vc_column][jnews_element_header compatible_column_notice=\u201d\u201d header_type=\u201dheading_6\u2033 first_title=\u201dSweden-Gothenburg\u201d][vc_row_inner][vc_column_inner width=\u201d1\/2\u2033][vc_single_image image=\u201d6925\u2033][vc_single_image image=\u201d6985\u2033][\/vc_column_inner][vc_column_inner width=\u201d1\/2\u2033][vc_column_text]<strong>Iranska kulturf\u00f6rening- Sweden<\/strong><\/p>\n<p><strong>Ms. Soheila Dashti, spokeswoman for Iranska kulturf\u00f6rening- Sweden<\/strong><\/p>\n<p><strong>Age: 65<\/strong><\/p>\n<p><strong>Education\/ occupation: Master of Political Science\/ Journalist\/ Youth Psychologist<\/strong>[\/bs-text][\/vc_column_text][\/vc_column_inner][\/vc_row_inner][\/vc_column][\/vc_row][vc_row][vc_column][jnews_element_header compatible_column_notice=\u201d\u201d header_type=\u201dheading_6\u2033 first_title=\u201dNorway-Oslo\u201d][vc_row_inner][vc_column_inner width=\u201d1\/2\u2033][vc_single_image image=\u201d6844\u2033][vc_single_image image=\u201d6997\u2033][vc_single_image image=\u201d6998\u2033][\/vc_column_inner][vc_column_inner width=\u201d1\/2\u2033][vc_column_text]<strong>Iranska kulturf\u00f6rening- Sweden<\/strong><\/p>\n<p><strong>Mr. Behrooz Omid, spokesman for Kvinner Opplyser- Norway<\/strong><\/p>\n<p><strong>Age: 53<\/strong><\/p>\n<p><strong>Education\/ occupation: Dentist<\/strong><\/p>\n<p><strong>Mr. Ehsan Qaraee, from Kvinner Opplyser- Norway<\/strong>[\/vc_column_text][\/vc_column_inner][\/vc_row_inner][\/vc_column][\/vc_row][vc_row][vc_column][jnews_element_header compatible_column_notice=\u201d\u201d header_type=\u201dheading_6\u2033 first_title=\u201dDenmark-Aarhus\u201d][vc_row_inner][vc_column_inner width=\u201d1\/2\u2033][vc_single_image image=\u201d6923\u2033][vc_single_image image=\u201d7005\u2033][\/vc_column_inner][vc_column_inner width=\u201d1\/2\u2033][vc_column_text]<strong>Kulturforening for forsvaret af frihed og menneskerettigheder i Iran \u2013 Danmark<\/strong><\/p>\n<p><strong>Mr. Manoocher Foroozandeh, spokesman for Kulturforening for forsvaret af frihed og menneskerettigheder i Iran \u2013 Danmark<\/strong>[\/vc_column_text][\/vc_column_inner][\/vc_row_inner][\/vc_column][\/vc_row][vc_row][vc_column][jnews_element_header compatible_column_notice=\u201d\u201d header_type=\u201dheading_6\u2033 first_title=\u201dItaly -Torino\u201d][vc_row_inner][vc_column_inner width=\u201d1\/2\u2033][vc_single_image image=\u201d7010\u2033][vc_single_image image=\u201d7003\u2033][\/vc_column_inner][vc_column_inner width=\u201d1\/2\u2033][vc_column_text]<strong>associazione Medici e Farmacisti Iraniani in Italia -Torino<\/strong><\/p>\n<p><strong>Mr. Esmail Mohades, spokesman for associazione Medici e Farmacisti Iraniani in Italia -Torino<\/strong><\/p>\n<p><strong>Age: 62<\/strong><\/p>\n<p><strong>Education\/ occupation: Mechanical Engineer<\/strong>[\/vc_column_text][\/vc_column_inner][\/vc_row_inner][\/vc_column][\/vc_row][vc_row][vc_column][jnews_element_header compatible_column_notice=\u201d\u201d header_type=\u201dheading_6\u2033 first_title=\u201dSwitzerland-Bern\u201d][vc_row_inner][vc_column_inner width=\u201d1\/2\u2033][vc_single_image image=\u201d6848\u2033][vc_single_image image=\u201d7007\u2033][\/vc_column_inner][vc_column_inner width=\u201d1\/2\u2033][vc_column_text]<strong>Association of Iranian Women\u2019s in Switzerland<\/strong><\/p>\n<p><strong>Ms. Neda Amani, spokeswoman for Association of Iranian Women\u2019s in Switzerland <\/strong><\/p>\n<p><strong>Age: 27<\/strong><\/p>\n<p><strong>Education\/ occupation: University Student\/ Political Science<\/strong>[\/vc_column_text][\/vc_column_inner][\/vc_row_inner][\/vc_column][\/vc_row][vc_row][vc_column][jnews_element_header compatible_column_notice=\u201d\u201d header_type=\u201dheading_6\u2033 first_title=\u201dAustria-Vienna\u201d][vc_row_inner][vc_column_inner width=\u201d1\/2\u2033][vc_single_image image=\u201d6859\u2033][vc_single_image image=\u201d7011\u2033][\/vc_column_inner][vc_column_inner width=\u201d1\/2\u2033][vc_column_text]<strong>Menschenrechtszentrum f\u00fcr die Opfer des Fundamentalismus<\/strong><\/p>\n<p><strong>Ms. Minoo Mirkhani, spokeswoman for Menschenrechtszentrum f\u00fcr die Opfer des Fundamentalismu- Austria<\/strong>[\/vc_column_text][\/vc_column_inner][\/vc_row_inner][\/vc_column][\/vc_row][vc_row][vc_column][jnews_element_header compatible_column_notice=\u201d\u201d header_type=\u201dheading_6\u2033 first_title=\u201dRomania-Bucharest\u201d][vc_row_inner][vc_column_inner width=\u201d1\/2\u2033][vc_single_image image=\u201d7013\u2033][vc_single_image image=\u201d7006\u2033][\/vc_column_inner][vc_column_inner width=\u201d1\/2\u2033][vc_column_text]<strong>Ashraf Association for Human Rights and Democracy-Romania<\/strong><\/p>\n<p><strong>Mr. Mohammad Imami, spokesman for Ashraf Association for Human Rights and Democracy-Romania<\/strong>[\/vc_column_text][\/vc_column_inner][\/vc_row_inner][\/vc_column][\/vc_row][vc_row][vc_column][jnews_element_header compatible_column_notice=\u201d\u201d header_type=\u201dheading_6\u2033 first_title=\u201dBelgium-Brussels\u201d][vc_row_inner][vc_column_inner width=\u201d1\/2\u2033][vc_single_image image=\u201d7019\u2033][vc_single_image image=\u201d7004\u2033][\/vc_column_inner][vc_column_inner width=\u201d1\/2\u2033][vc_column_text]<strong>Iran RAF, Women\u2019s Association<\/strong><\/p>\n<p><strong>Mr. Mahmood Nobari, spokesman for\u00a0Iran RAF, Women\u2019s Association<\/strong><\/p>\n<p><strong>Age: 55<\/strong><\/p>\n<p><strong>Education\/ occupation: \u00a0Diploma in Accounting<\/strong>[\/bs-text][\/vc_column_text][\/vc_column_inner][\/vc_row_inner][\/vc_column][\/vc_row][vc_row][vc_column][jnews_element_header compatible_column_notice=\u201d\u201d header_type=\u201dheading_6\u2033 first_title=\u201dSweden-Stockholm\u201d][vc_row_inner][vc_column_inner width=\u201d1\/2\u2033][vc_single_image image=\u201d7017\u2033][vc_single_image image=\u201d7016\u2033][\/vc_column_inner][vc_column_inner width=\u201d1\/2\u2033][vc_column_text]<strong>Foreningen For Integration ochFred Sweden-Stockholm<\/strong><\/p>\n<p><strong>Mr.Davood Rahbar,spokesman for Foreningen For Integration ochFred Sweden-Stockholm<\/strong><\/p>\n<p><strong>Age: 60<\/strong><\/p>\n<p><strong>Education\/ occupation: Master of Political Science<\/strong>[\/bs-text][\/vc_column_text][\/vc_column_inner][\/vc_row_inner][\/vc_column][\/vc_row]<\/p>\n<\/body><\/html>\n","protected":false},"excerpt":{"rendered":"<p>[vc_row][vc_column][vc_column_text]As the protests and strikes across Iran, entering their ninth month of continuous uprisings, and at a time where the Iranian people are chanting slogans for regime change and freedom,; the Iranian communities in 20 major cities and capitals throughout Europe and North America mark the 30th anniversary of the 1988 Massacre of 30,000 Political [&hellip;]<\/p>\n","protected":false},"author":4,"featured_media":12418,"parent":0,"menu_order":0,"comment_status":"closed","ping_status":"closed","template":"","meta":{"_acf_changed":false,"pgc_sgb_lightbox_settings":"","footnotes":""},"class_list":["post-6944","page","type-page","status-publish","has-post-thumbnail","hentry"],"acf":[],"yoast_head":"<!-- This site is optimized with the Yoast SEO plugin v27.4 - https:\/\/yoast.com\/product\/yoast-seo-wordpress\/ -->\n<title>Iranian Assembly&#039;s Speakers - Iran Freedom<\/title>\n<meta name=\"robots\" content=\"index, follow, max-snippet:-1, max-image-preview:large, max-video-preview:-1\" \/>\n<link rel=\"canonical\" href=\"https:\/\/iranfreedom.org\/en\/iranian-assemblys-speakers\/\" \/>\n<meta property=\"og:locale\" content=\"en_US\" \/>\n<meta property=\"og:type\" content=\"article\" \/>\n<meta property=\"og:title\" content=\"Iranian Assembly&#039;s Speakers - Iran Freedom\" \/>\n<meta property=\"og:description\" content=\"[vc_row][vc_column][vc_column_text]As the protests and strikes across Iran, entering their ninth month of continuous uprisings, and at a time where the Iranian people are chanting slogans for regime change and freedom,; the Iranian communities in 20 major cities and capitals throughout Europe and North America mark the 30th anniversary of the 1988 Massacre of 30,000 Political [&hellip;]\" \/>\n<meta property=\"og:url\" content=\"https:\/\/iranfreedom.org\/en\/iranian-assemblys-speakers\/\" \/>\n<meta property=\"og:site_name\" content=\"Iran Freedom\" \/>\n<meta property=\"article:publisher\" content=\"https:\/\/www.facebook.com\/4FreedominIran\" \/>\n<meta property=\"article:modified_time\" content=\"2021-08-12T19:07:28+00:00\" \/>\n<meta property=\"og:image\" content=\"https:\/\/iranfreedom.org\/en\/wp-content\/uploads\/2019\/08\/freeiran-2018.jpg\" \/>\n\t<meta property=\"og:image:width\" content=\"1000\" \/>\n\t<meta property=\"og:image:height\" content=\"560\" \/>\n\t<meta property=\"og:image:type\" content=\"image\/jpeg\" \/>\n<meta name=\"twitter:card\" content=\"summary_large_image\" \/>\n<meta name=\"twitter:site\" content=\"@4freedominiran2\" \/>\n<meta name=\"twitter:label1\" content=\"Est. reading time\" \/>\n\t<meta name=\"twitter:data1\" content=\"8 minutes\" \/>\n<script type=\"application\/ld+json\" class=\"yoast-schema-graph\">{\"@context\":\"https:\\\/\\\/schema.org\",\"@graph\":[{\"@type\":\"WebPage\",\"@id\":\"https:\\\/\\\/iranfreedom.org\\\/en\\\/iranian-assemblys-speakers\\\/\",\"url\":\"https:\\\/\\\/iranfreedom.org\\\/en\\\/iranian-assemblys-speakers\\\/\",\"name\":\"Iranian Assembly's Speakers - Iran Freedom\",\"isPartOf\":{\"@id\":\"https:\\\/\\\/iranfreedom.org\\\/en\\\/#website\"},\"primaryImageOfPage\":{\"@id\":\"https:\\\/\\\/iranfreedom.org\\\/en\\\/iranian-assemblys-speakers\\\/#primaryimage\"},\"image\":{\"@id\":\"https:\\\/\\\/iranfreedom.org\\\/en\\\/iranian-assemblys-speakers\\\/#primaryimage\"},\"thumbnailUrl\":\"https:\\\/\\\/iranfreedom.org\\\/en\\\/wp-content\\\/uploads\\\/2019\\\/08\\\/freeiran-2018.jpg\",\"datePublished\":\"2018-08-24T21:17:00+00:00\",\"dateModified\":\"2021-08-12T19:07:28+00:00\",\"breadcrumb\":{\"@id\":\"https:\\\/\\\/iranfreedom.org\\\/en\\\/iranian-assemblys-speakers\\\/#breadcrumb\"},\"inLanguage\":\"en-US\",\"potentialAction\":[{\"@type\":\"ReadAction\",\"target\":[\"https:\\\/\\\/iranfreedom.org\\\/en\\\/iranian-assemblys-speakers\\\/\"]}]},{\"@type\":\"ImageObject\",\"inLanguage\":\"en-US\",\"@id\":\"https:\\\/\\\/iranfreedom.org\\\/en\\\/iranian-assemblys-speakers\\\/#primaryimage\",\"url\":\"https:\\\/\\\/iranfreedom.org\\\/en\\\/wp-content\\\/uploads\\\/2019\\\/08\\\/freeiran-2018.jpg\",\"contentUrl\":\"https:\\\/\\\/iranfreedom.org\\\/en\\\/wp-content\\\/uploads\\\/2019\\\/08\\\/freeiran-2018.jpg\",\"width\":1000,\"height\":560,\"caption\":\"Iranian assembly\"},{\"@type\":\"BreadcrumbList\",\"@id\":\"https:\\\/\\\/iranfreedom.org\\\/en\\\/iranian-assemblys-speakers\\\/#breadcrumb\",\"itemListElement\":[{\"@type\":\"ListItem\",\"position\":1,\"name\":\"Home\",\"item\":\"https:\\\/\\\/iranfreedom.org\\\/en\\\/\"},{\"@type\":\"ListItem\",\"position\":2,\"name\":\"Iranian Assembly&#8217;s Speakers\"}]},{\"@type\":\"WebSite\",\"@id\":\"https:\\\/\\\/iranfreedom.org\\\/en\\\/#website\",\"url\":\"https:\\\/\\\/iranfreedom.org\\\/en\\\/\",\"name\":\"Iran Freedom\",\"description\":\"Uniting for Freedom, Democracy &amp; Equality\",\"publisher\":{\"@id\":\"https:\\\/\\\/iranfreedom.org\\\/en\\\/#organization\"},\"potentialAction\":[{\"@type\":\"SearchAction\",\"target\":{\"@type\":\"EntryPoint\",\"urlTemplate\":\"https:\\\/\\\/iranfreedom.org\\\/en\\\/?s={search_term_string}\"},\"query-input\":{\"@type\":\"PropertyValueSpecification\",\"valueRequired\":true,\"valueName\":\"search_term_string\"}}],\"inLanguage\":\"en-US\"},{\"@type\":\"Organization\",\"@id\":\"https:\\\/\\\/iranfreedom.org\\\/en\\\/#organization\",\"name\":\"Iran Freedom\",\"url\":\"https:\\\/\\\/iranfreedom.org\\\/en\\\/\",\"logo\":{\"@type\":\"ImageObject\",\"inLanguage\":\"en-US\",\"@id\":\"https:\\\/\\\/iranfreedom.org\\\/en\\\/#\\\/schema\\\/logo\\\/image\\\/\",\"url\":\"https:\\\/\\\/iranfreedom.org\\\/en\\\/wp-content\\\/uploads\\\/2018\\\/05\\\/Iran-Freedom-logo-with-text.png\",\"contentUrl\":\"https:\\\/\\\/iranfreedom.org\\\/en\\\/wp-content\\\/uploads\\\/2018\\\/05\\\/Iran-Freedom-logo-with-text.png\",\"width\":251,\"height\":78,\"caption\":\"Iran Freedom\"},\"image\":{\"@id\":\"https:\\\/\\\/iranfreedom.org\\\/en\\\/#\\\/schema\\\/logo\\\/image\\\/\"},\"sameAs\":[\"https:\\\/\\\/www.facebook.com\\\/4FreedominIran\",\"https:\\\/\\\/x.com\\\/4freedominiran2\",\"https:\\\/\\\/www.youtube.com\\\/channel\\\/UCOlKtE23ls9XtndDe2dmXcg\"]}]}<\/script>\n<!-- \/ Yoast SEO plugin. -->","yoast_head_json":{"title":"Iranian Assembly's Speakers - Iran Freedom","robots":{"index":"index","follow":"follow","max-snippet":"max-snippet:-1","max-image-preview":"max-image-preview:large","max-video-preview":"max-video-preview:-1"},"canonical":"https:\/\/iranfreedom.org\/en\/iranian-assemblys-speakers\/","og_locale":"en_US","og_type":"article","og_title":"Iranian Assembly's Speakers - Iran Freedom","og_description":"[vc_row][vc_column][vc_column_text]As the protests and strikes across Iran, entering their ninth month of continuous uprisings, and at a time where the Iranian people are chanting slogans for regime change and freedom,; the Iranian communities in 20 major cities and capitals throughout Europe and North America mark the 30th anniversary of the 1988 Massacre of 30,000 Political [&hellip;]","og_url":"https:\/\/iranfreedom.org\/en\/iranian-assemblys-speakers\/","og_site_name":"Iran Freedom","article_publisher":"https:\/\/www.facebook.com\/4FreedominIran","article_modified_time":"2021-08-12T19:07:28+00:00","og_image":[{"width":1000,"height":560,"url":"https:\/\/iranfreedom.org\/en\/wp-content\/uploads\/2019\/08\/freeiran-2018.jpg","type":"image\/jpeg"}],"twitter_card":"summary_large_image","twitter_site":"@4freedominiran2","twitter_misc":{"Est. reading time":"8 minutes"},"schema":{"@context":"https:\/\/schema.org","@graph":[{"@type":"WebPage","@id":"https:\/\/iranfreedom.org\/en\/iranian-assemblys-speakers\/","url":"https:\/\/iranfreedom.org\/en\/iranian-assemblys-speakers\/","name":"Iranian Assembly's Speakers - Iran Freedom","isPartOf":{"@id":"https:\/\/iranfreedom.org\/en\/#website"},"primaryImageOfPage":{"@id":"https:\/\/iranfreedom.org\/en\/iranian-assemblys-speakers\/#primaryimage"},"image":{"@id":"https:\/\/iranfreedom.org\/en\/iranian-assemblys-speakers\/#primaryimage"},"thumbnailUrl":"https:\/\/iranfreedom.org\/en\/wp-content\/uploads\/2019\/08\/freeiran-2018.jpg","datePublished":"2018-08-24T21:17:00+00:00","dateModified":"2021-08-12T19:07:28+00:00","breadcrumb":{"@id":"https:\/\/iranfreedom.org\/en\/iranian-assemblys-speakers\/#breadcrumb"},"inLanguage":"en-US","potentialAction":[{"@type":"ReadAction","target":["https:\/\/iranfreedom.org\/en\/iranian-assemblys-speakers\/"]}]},{"@type":"ImageObject","inLanguage":"en-US","@id":"https:\/\/iranfreedom.org\/en\/iranian-assemblys-speakers\/#primaryimage","url":"https:\/\/iranfreedom.org\/en\/wp-content\/uploads\/2019\/08\/freeiran-2018.jpg","contentUrl":"https:\/\/iranfreedom.org\/en\/wp-content\/uploads\/2019\/08\/freeiran-2018.jpg","width":1000,"height":560,"caption":"Iranian assembly"},{"@type":"BreadcrumbList","@id":"https:\/\/iranfreedom.org\/en\/iranian-assemblys-speakers\/#breadcrumb","itemListElement":[{"@type":"ListItem","position":1,"name":"Home","item":"https:\/\/iranfreedom.org\/en\/"},{"@type":"ListItem","position":2,"name":"Iranian Assembly&#8217;s Speakers"}]},{"@type":"WebSite","@id":"https:\/\/iranfreedom.org\/en\/#website","url":"https:\/\/iranfreedom.org\/en\/","name":"Iran Freedom","description":"Uniting for Freedom, Democracy &amp; Equality","publisher":{"@id":"https:\/\/iranfreedom.org\/en\/#organization"},"potentialAction":[{"@type":"SearchAction","target":{"@type":"EntryPoint","urlTemplate":"https:\/\/iranfreedom.org\/en\/?s={search_term_string}"},"query-input":{"@type":"PropertyValueSpecification","valueRequired":true,"valueName":"search_term_string"}}],"inLanguage":"en-US"},{"@type":"Organization","@id":"https:\/\/iranfreedom.org\/en\/#organization","name":"Iran Freedom","url":"https:\/\/iranfreedom.org\/en\/","logo":{"@type":"ImageObject","inLanguage":"en-US","@id":"https:\/\/iranfreedom.org\/en\/#\/schema\/logo\/image\/","url":"https:\/\/iranfreedom.org\/en\/wp-content\/uploads\/2018\/05\/Iran-Freedom-logo-with-text.png","contentUrl":"https:\/\/iranfreedom.org\/en\/wp-content\/uploads\/2018\/05\/Iran-Freedom-logo-with-text.png","width":251,"height":78,"caption":"Iran Freedom"},"image":{"@id":"https:\/\/iranfreedom.org\/en\/#\/schema\/logo\/image\/"},"sameAs":["https:\/\/www.facebook.com\/4FreedominIran","https:\/\/x.com\/4freedominiran2","https:\/\/www.youtube.com\/channel\/UCOlKtE23ls9XtndDe2dmXcg"]}]}},"amp_enabled":true,"_links":{"self":[{"href":"https:\/\/iranfreedom.org\/en\/wp-json\/wp\/v2\/pages\/6944","targetHints":{"allow":["GET"]}}],"collection":[{"href":"https:\/\/iranfreedom.org\/en\/wp-json\/wp\/v2\/pages"}],"about":[{"href":"https:\/\/iranfreedom.org\/en\/wp-json\/wp\/v2\/types\/page"}],"author":[{"embeddable":true,"href":"https:\/\/iranfreedom.org\/en\/wp-json\/wp\/v2\/users\/4"}],"replies":[{"embeddable":true,"href":"https:\/\/iranfreedom.org\/en\/wp-json\/wp\/v2\/comments?post=6944"}],"version-history":[{"count":41,"href":"https:\/\/iranfreedom.org\/en\/wp-json\/wp\/v2\/pages\/6944\/revisions"}],"predecessor-version":[{"id":24782,"href":"https:\/\/iranfreedom.org\/en\/wp-json\/wp\/v2\/pages\/6944\/revisions\/24782"}],"wp:featuredmedia":[{"embeddable":true,"href":"https:\/\/iranfreedom.org\/en\/wp-json\/wp\/v2\/media\/12418"}],"wp:attachment":[{"href":"https:\/\/iranfreedom.org\/en\/wp-json\/wp\/v2\/media?parent=6944"}],"curies":[{"name":"wp","href":"https:\/\/api.w.org\/{rel}","templated":true}]}}